{"id":4296,"date":"2016-10-03T11:15:32","date_gmt":"2016-10-03T11:15:32","guid":{"rendered":"https:\/\/demo.themeisle.com\/hestia\/?page_id=25"},"modified":"2019-04-25T07:34:07","modified_gmt":"2019-04-25T07:34:07","slug":"home","status":"publish","type":"page","link":"https:\/\/www.mas-software.at\/","title":{"rendered":"Leistungen"},"content":{"rendered":"<h2>Software Entwicklung, Coaching, Consulting, Product Owner.<\/h2>\n<p>Mit meiner \u00fcber 20 j\u00e4hrigen Erfahrung in der Softwarebranche kann ich auch Ihr Unternehmen ideal unterst\u00fctzen. Der Weg von der Idee zum fertigen Softwareprodukt beinhalten viele unterschiedliche Facetten. Durch meine Projekterfahrung kann ich Sie in allen Bereichen unterst\u00fctzen. Bei der Ideenfindung zum Beispiel mit agilen Methoden wie Impact Mapping sowie der Erstellung von Storymaps. Bei der Spezification und der Umsetzung als Product Owner der Ihre Funktionalit\u00e4ten im \u00dcberblick beh\u00e4lt und f\u00fcr die Softwareentwicklung aufbereitet. Aber auch in der Softwareentwicklung in Ihrem agilen Team als Entwickler oder Scrum-Master.<\/p>\n","protected":false},"excerpt":{"rendered":"<p>Software Entwicklung, Coaching, Consulting, Product Owner. Mit meiner \u00fcber 20 j\u00e4hrigen Erfahrung in der Softwarebranche kann ich auch Ihr Unternehmen ideal unterst\u00fctzen. Der Weg von der Idee zum fertigen Softwareprodukt beinhalten viele unterschiedliche Facetten. Durch meine Projekterfahrung kann ich Sie in allen Bereichen unterst\u00fctzen. Bei der Ideenfindung zum Beispiel mit agilen Methoden wie Impact Mapping &hellip; <\/p>\n<p class=\"link-more\"><a href=\"https:\/\/www.mas-software.at\/\" class=\"more-link\"><span class=\"screen-reader-text\">\u201eLeistungen\u201c <\/span>weiterlesen<\/a><\/p>\n","protected":false},"author":1,"featured_media":0,"parent":0,"menu_order":0,"comment_status":"closed","ping_status":"closed","template":"","meta":{"footnotes":""},"class_list":["post-4296","page","type-page","status-publish","hentry"],"_links":{"self":[{"href":"https:\/\/www.mas-software.at\/index.php\/wp-json\/wp\/v2\/pages\/4296","targetHints":{"allow":["GET"]}}],"collection":[{"href":"https:\/\/www.mas-software.at\/index.php\/wp-json\/wp\/v2\/pages"}],"about":[{"href":"https:\/\/www.mas-software.at\/index.php\/wp-json\/wp\/v2\/types\/page"}],"author":[{"embeddable":true,"href":"https:\/\/www.mas-software.at\/index.php\/wp-json\/wp\/v2\/users\/1"}],"replies":[{"embeddable":true,"href":"https:\/\/www.mas-software.at\/index.php\/wp-json\/wp\/v2\/comments?post=4296"}],"version-history":[{"count":5,"href":"https:\/\/www.mas-software.at\/index.php\/wp-json\/wp\/v2\/pages\/4296\/revisions"}],"predecessor-version":[{"id":4313,"href":"https:\/\/www.mas-software.at\/index.php\/wp-json\/wp\/v2\/pages\/4296\/revisions\/4313"}],"wp:attachment":[{"href":"https:\/\/www.mas-software.at\/index.php\/wp-json\/wp\/v2\/media?parent=4296"}],"curies":[{"name":"wp","href":"https:\/\/api.w.org\/{rel}","templated":true}]}}